{"id":762,"date":"2024-09-03T14:06:31","date_gmt":"2024-09-03T14:06:31","guid":{"rendered":"http:\/\/aga.danuta-cybulska.com\/?page_id=762"},"modified":"2024-11-13T17:10:13","modified_gmt":"2024-11-13T17:10:13","slug":"kontakt","status":"publish","type":"page","link":"https:\/\/agamarecka.com\/pl\/kontakt\/","title":{"rendered":"Kontakt"},"content":{"rendered":"<div data-elementor-type=\"wp-page\" data-elementor-id=\"762\" class=\"elementor elementor-762\">\n\t\t\t\t<div class=\"elementor-element elementor-element-99eb2e3 e-flex e-con-boxed e-con e-parent\" data-id=\"99eb2e3\" data-element_type=\"container\" data-e-type=\"container\">\n\t\t\t\t\t<div class=\"e-con-inner\">\n\t\t<div class=\"elementor-element elementor-element-b99f2c7 e-con-full e-flex e-con e-child\" data-id=\"b99f2c7\" data-element_type=\"container\" data-e-type=\"container\">\n\t\t\t\t<div class=\"elementor-element elementor-element-b0dd614 elementor-widget elementor-widget-heading\" data-id=\"b0dd614\" data-element_type=\"widget\" data-e-type=\"widget\" data-widget_type=\"heading.default\">\n\t\t\t\t<div class=\"elementor-widget-container\">\n\t\t\t\t\t<h2 class=\"elementor-heading-title elementor-size-default\">Kontakt<\/h2>\t\t\t\t<\/div>\n\t\t\t\t<\/div>\n\t\t\t\t<div class=\"elementor-element elementor-element-634768f elementor-widget elementor-widget-text-editor\" data-id=\"634768f\" data-element_type=\"widget\" data-e-type=\"widget\" data-widget_type=\"text-editor.default\">\n\t\t\t\t<div class=\"elementor-widget-container\">\n\t\t\t\t\t\t\t\t\t<p>Zapraszam do kontaktu, je\u015bli r\u00f3wnie\u017c rezonujesz ze \u015awiadom\u0105 Wymian\u0105 Energii: podchodzisz do tego bez oczekiwa\u0144, dajesz ludziom warto\u015b\u0107, szukasz mo\u017cliwo\u015bci symbiozy z innymi, doceniasz prac\u0119, czas, wiedz\u0119 i umiej\u0119tno\u015bci innych. Korzystam ze swojego prawa do selekcji przyp\u0142ywaj\u0105cych energii pod moje wibracje.<\/p>\t\t\t\t\t\t\t\t<\/div>\n\t\t\t\t<\/div>\n\t\t\t\t<\/div>\n\t\t<div class=\"elementor-element elementor-element-100ec1d e-grid e-con-full e-con e-child\" data-id=\"100ec1d\" data-element_type=\"container\" data-e-type=\"container\">\n\t\t\t\t<div class=\"elementor-element elementor-element-355ca5c elementor-widget elementor-widget-text-editor\" data-id=\"355ca5c\" data-element_type=\"widget\" data-e-type=\"widget\" data-widget_type=\"text-editor.default\">\n\t\t\t\t<div class=\"elementor-widget-container\">\n\t\t\t\t\t\t\t\t\t<p>Chcesz opisa\u0107 temat lub sytuacj\u0119, <br \/>\u017cebym mog\u0142a da\u0107 zna\u0107, <br \/>czy i jak mog\u0119 Ci\u0119 wspom\u00f3c? <br \/>Napisz maila.<\/p>\t\t\t\t\t\t\t\t<\/div>\n\t\t\t\t<\/div>\n\t\t\t\t<div class=\"elementor-element elementor-element-9ff6d83 elementor-widget elementor-widget-text-editor\" data-id=\"9ff6d83\" data-element_type=\"widget\" data-e-type=\"widget\" data-widget_type=\"text-editor.default\">\n\t\t\t\t<div class=\"elementor-widget-container\">\n\t\t\t\t\t\t\t\t\t<p>Widzia\u0142e\u015b moje tre\u015bci i czujesz rezonans? <br \/>Jeste\u015b gotowy od razu porozmawia\u0107? <br \/>Um\u00f3w si\u0119 na spotkanie online.<\/p>\t\t\t\t\t\t\t\t<\/div>\n\t\t\t\t<\/div>\n\t\t\t\t<div class=\"elementor-element elementor-element-9eb4395 elementor-align-center elementor-widget elementor-widget-button\" data-id=\"9eb4395\" data-element_type=\"widget\" data-e-type=\"widget\" data-widget_type=\"button.default\">\n\t\t\t\t<div class=\"elementor-widget-container\">\n\t\t\t\t\t\t\t\t\t<div class=\"elementor-button-wrapper\">\n\t\t\t\t\t<a class=\"elementor-button elementor-button-link elementor-size-sm\" href=\"mailto:aga@marecka.com\">\n\t\t\t\t\t\t<span class=\"elementor-button-content-wrapper\">\n\t\t\t\t\t\t\t\t\t<span class=\"elementor-button-text\">Mail<\/span>\n\t\t\t\t\t<\/span>\n\t\t\t\t\t<\/a>\n\t\t\t\t<\/div>\n\t\t\t\t\t\t\t\t<\/div>\n\t\t\t\t<\/div>\n\t\t\t\t<div class=\"elementor-element elementor-element-199f993 elementor-align-center elementor-widget elementor-widget-button\" data-id=\"199f993\" data-element_type=\"widget\" data-e-type=\"widget\" data-widget_type=\"button.default\">\n\t\t\t\t<div class=\"elementor-widget-container\">\n\t\t\t\t\t\t\t\t\t<div class=\"elementor-button-wrapper\">\n\t\t\t\t\t<a class=\"elementor-button elementor-button-link elementor-size-sm\" href=\"https:\/\/calendly.com\/aga-marecka\/meeting\">\n\t\t\t\t\t\t<span class=\"elementor-button-content-wrapper\">\n\t\t\t\t\t\t\t\t\t<span class=\"elementor-button-text\">Calendly<\/span>\n\t\t\t\t\t<\/span>\n\t\t\t\t\t<\/a>\n\t\t\t\t<\/div>\n\t\t\t\t\t\t\t\t<\/div>\n\t\t\t\t<\/div>\n\t\t\t\t<\/div>\n\t\t<div class=\"elementor-element elementor-element-002bf4e e-con-full e-flex e-con e-child\" data-id=\"002bf4e\" data-element_type=\"container\" data-e-type=\"container\" data-settings=\"{&quot;background_background&quot;:&quot;classic&quot;}\">\n\t\t\t\t<div class=\"elementor-element elementor-element-4d5b59f elementor-widget elementor-widget-heading\" data-id=\"4d5b59f\" data-element_type=\"widget\" data-e-type=\"widget\" data-widget_type=\"heading.default\">\n\t\t\t\t<div class=\"elementor-widget-container\">\n\t\t\t\t\t<h2 class=\"elementor-heading-title elementor-size-default\"><b>Poznaj mnie lepiej w rozmowie z lud\u017ami.<\/b><\/h2>\t\t\t\t<\/div>\n\t\t\t\t<\/div>\n\t\t<div class=\"elementor-element elementor-element-c5565f1 e-grid e-con-full e-con e-child\" data-id=\"c5565f1\" data-element_type=\"container\" data-e-type=\"container\">\n\t\t\t\t<div class=\"elementor-element elementor-element-b5e4aa7 elementor-widget elementor-widget-video\" data-id=\"b5e4aa7\" data-element_type=\"widget\" data-e-type=\"widget\" data-settings=\"{&quot;youtube_url&quot;:&quot;https:\\\/\\\/www.youtube.com\\\/watch?v=Je1wtgkFj6o&quot;,&quot;video_type&quot;:&quot;youtube&quot;,&quot;controls&quot;:&quot;yes&quot;}\" data-widget_type=\"video.default\">\n\t\t\t\t<div class=\"elementor-widget-container\">\n\t\t\t\t\t\t\t<div class=\"elementor-wrapper elementor-open-inline\">\n\t\t\t<div class=\"elementor-video\"><\/div>\t\t<\/div>\n\t\t\t\t\t\t<\/div>\n\t\t\t\t<\/div>\n\t\t\t\t<div class=\"elementor-element elementor-element-a9c6e3b elementor-widget elementor-widget-video\" data-id=\"a9c6e3b\" data-element_type=\"widget\" data-e-type=\"widget\" data-settings=\"{&quot;youtube_url&quot;:&quot;https:\\\/\\\/youtu.be\\\/yG5nhTfLslk&quot;,&quot;video_type&quot;:&quot;youtube&quot;,&quot;controls&quot;:&quot;yes&quot;}\" data-widget_type=\"video.default\">\n\t\t\t\t<div class=\"elementor-widget-container\">\n\t\t\t\t\t\t\t<div class=\"elementor-wrapper elementor-open-inline\">\n\t\t\t<div class=\"elementor-video\"><\/div>\t\t<\/div>\n\t\t\t\t\t\t<\/div>\n\t\t\t\t<\/div>\n\t\t\t\t<div class=\"elementor-element elementor-element-975a611 elementor-widget elementor-widget-video\" data-id=\"975a611\" data-element_type=\"widget\" data-e-type=\"widget\" data-settings=\"{&quot;youtube_url&quot;:&quot;https:\\\/\\\/youtu.be\\\/9C86aUSGK5s?si=TFdlSmL2e2kEIS4H&quot;,&quot;video_type&quot;:&quot;youtube&quot;,&quot;controls&quot;:&quot;yes&quot;}\" data-widget_type=\"video.default\">\n\t\t\t\t<div class=\"elementor-widget-container\">\n\t\t\t\t\t\t\t<div class=\"elementor-wrapper elementor-open-inline\">\n\t\t\t<div class=\"elementor-video\"><\/div>\t\t<\/div>\n\t\t\t\t\t\t<\/div>\n\t\t\t\t<\/div>\n\t\t\t\t<div class=\"elementor-element elementor-element-1cc66a4 elementor-widget elementor-widget-video\" data-id=\"1cc66a4\" data-element_type=\"widget\" data-e-type=\"widget\" data-settings=\"{&quot;youtube_url&quot;:&quot;https:\\\/\\\/youtu.be\\\/o15XpNg-9JA&quot;,&quot;video_type&quot;:&quot;youtube&quot;,&quot;controls&quot;:&quot;yes&quot;}\" data-widget_type=\"video.default\">\n\t\t\t\t<div class=\"elementor-widget-container\">\n\t\t\t\t\t\t\t<div class=\"elementor-wrapper elementor-open-inline\">\n\t\t\t<div class=\"elementor-video\"><\/div>\t\t<\/div>\n\t\t\t\t\t\t<\/div>\n\t\t\t\t<\/div>\n\t\t\t\t<div class=\"elementor-element elementor-element-bfc6346 elementor-widget elementor-widget-video\" data-id=\"bfc6346\" data-element_type=\"widget\" data-e-type=\"widget\" data-settings=\"{&quot;youtube_url&quot;:&quot;https:\\\/\\\/youtu.be\\\/UR5Xlatf-to?si=KZqdqj1s5zDUsYD1 &quot;,&quot;video_type&quot;:&quot;youtube&quot;,&quot;controls&quot;:&quot;yes&quot;}\" data-widget_type=\"video.default\">\n\t\t\t\t<div class=\"elementor-widget-container\">\n\t\t\t\t\t\t\t<div class=\"elementor-wrapper elementor-open-inline\">\n\t\t\t<div class=\"elementor-video\"><\/div>\t\t<\/div>\n\t\t\t\t\t\t<\/div>\n\t\t\t\t<\/div>\n\t\t\t\t<div class=\"elementor-element elementor-element-e6f3248 elementor-widget elementor-widget-video\" data-id=\"e6f3248\" data-element_type=\"widget\" data-e-type=\"widget\" data-settings=\"{&quot;youtube_url&quot;:&quot;https:\\\/\\\/youtu.be\\\/vTAYmozkOGM?si=MhuN8jm-NHWqQHAr&quot;,&quot;video_type&quot;:&quot;youtube&quot;,&quot;controls&quot;:&quot;yes&quot;}\" data-widget_type=\"video.default\">\n\t\t\t\t<div class=\"elementor-widget-container\">\n\t\t\t\t\t\t\t<div class=\"elementor-wrapper elementor-open-inline\">\n\t\t\t<div class=\"elementor-video\"><\/div>\t\t<\/div>\n\t\t\t\t\t\t<\/div>\n\t\t\t\t<\/div>\n\t\t\t\t<\/div>\n\t\t\t\t<\/div>\n\t\t\t\t\t<\/div>\n\t\t\t\t<\/div>\n\t\t\t\t<\/div>","protected":false},"excerpt":{"rendered":"<p>Kontakt Zapraszam do kontaktu, je\u015bli r\u00f3wnie\u017c rezonujesz ze \u015awiadom\u0105 Wymian\u0105 Energii: podchodzisz do tego bez oczekiwa\u0144, dajesz ludziom warto\u015b\u0107, szukasz mo\u017cliwo\u015bci symbiozy z innymi, doceniasz prac\u0119, czas, wiedz\u0119 i umiej\u0119tno\u015bci innych. Korzystam ze swojego prawa do selekcji przyp\u0142ywaj\u0105cych energii pod moje wibracje. Chcesz opisa\u0107 temat lub sytuacj\u0119, \u017cebym mog\u0142a da\u0107 zna\u0107, czy i jak mog\u0119 [&hellip;]<\/p>\n","protected":false},"author":1,"featured_media":0,"parent":0,"menu_order":0,"comment_status":"closed","ping_status":"closed","template":"","meta":{"_uag_custom_page_level_css":"","site-sidebar-layout":"default","site-content-layout":"","ast-site-content-layout":"default","site-content-style":"default","site-sidebar-style":"default","ast-global-header-display":"","ast-banner-title-visibility":"","ast-main-header-display":"","ast-hfb-above-header-display":"","ast-hfb-below-header-display":"","ast-hfb-mobile-header-display":"","site-post-title":"disabled","ast-breadcrumbs-content":"","ast-featured-img":"","footer-sml-layout":"","ast-disable-related-posts":"","theme-transparent-header-meta":"","adv-header-id-meta":"","stick-header-meta":"","header-above-stick-meta":"","header-main-stick-meta":"","header-below-stick-meta":"","astra-migrate-meta-layouts":"set","ast-page-background-enabled":"default","ast-page-background-meta":{"desktop":{"background-color":"var(--ast-global-color-4)","background-image":"","background-repeat":"repeat","background-position":"center center","background-size":"auto","background-attachment":"scroll","background-type":"","background-media":"","overlay-type":"","overlay-color":"","overlay-opacity":"","overlay-gradient":""},"tablet":{"background-color":"","background-image":"","background-repeat":"repeat","background-position":"center center","background-size":"auto","background-attachment":"scroll","background-type":"","background-media":"","overlay-type":"","overlay-color":"","overlay-opacity":"","overlay-gradient":""},"mobile":{"background-color":"","background-image":"","background-repeat":"repeat","background-position":"center center","background-size":"auto","background-attachment":"scroll","background-type":"","background-media":"","overlay-type":"","overlay-color":"","overlay-opacity":"","overlay-gradient":""}},"ast-content-background-meta":{"desktop":{"background-color":"var(--ast-global-color-5)","background-image":"","background-repeat":"repeat","background-position":"center center","background-size":"auto","background-attachment":"scroll","background-type":"","background-media":"","overlay-type":"","overlay-color":"","overlay-opacity":"","overlay-gradient":""},"tablet":{"background-color":"var(--ast-global-color-5)","background-image":"","background-repeat":"repeat","background-position":"center center","background-size":"auto","background-attachment":"scroll","background-type":"","background-media":"","overlay-type":"","overlay-color":"","overlay-opacity":"","overlay-gradient":""},"mobile":{"background-color":"var(--ast-global-color-5)","background-image":"","background-repeat":"repeat","background-position":"center center","background-size":"auto","background-attachment":"scroll","background-type":"","background-media":"","overlay-type":"","overlay-color":"","overlay-opacity":"","overlay-gradient":""}},"footnotes":""},"class_list":["post-762","page","type-page","status-publish","hentry"],"yoast_head":"<!-- This site is optimized with the Yoast SEO plugin v27.1.1 - https:\/\/yoast.com\/product\/yoast-seo-wordpress\/ -->\n<title>Kontakt - Aga Marecka<\/title>\n<meta name=\"robots\" content=\"index, follow, max-snippet:-1, max-image-preview:large, max-video-preview:-1\" \/>\n<link rel=\"canonical\" href=\"https:\/\/agamarecka.com\/pl\/kontakt\/\" \/>\n<meta property=\"og:locale\" content=\"pl_PL\" \/>\n<meta property=\"og:type\" content=\"article\" \/>\n<meta property=\"og:title\" content=\"Kontakt - Aga Marecka\" \/>\n<meta property=\"og:description\" content=\"Kontakt Zapraszam do kontaktu, je\u015bli r\u00f3wnie\u017c rezonujesz ze \u015awiadom\u0105 Wymian\u0105 Energii: podchodzisz do tego bez oczekiwa\u0144, dajesz ludziom warto\u015b\u0107, szukasz mo\u017cliwo\u015bci symbiozy z innymi, doceniasz prac\u0119, czas, wiedz\u0119 i umiej\u0119tno\u015bci innych. Korzystam ze swojego prawa do selekcji przyp\u0142ywaj\u0105cych energii pod moje wibracje. Chcesz opisa\u0107 temat lub sytuacj\u0119, \u017cebym mog\u0142a da\u0107 zna\u0107, czy i jak mog\u0119 [&hellip;]\" \/>\n<meta property=\"og:url\" content=\"https:\/\/agamarecka.com\/pl\/kontakt\/\" \/>\n<meta property=\"og:site_name\" content=\"Aga Marecka\" \/>\n<meta property=\"article:modified_time\" content=\"2024-11-13T17:10:13+00:00\" \/>\n<meta name=\"twitter:card\" content=\"summary_large_image\" \/>\n<meta name=\"twitter:label1\" content=\"Szacowany czas czytania\" \/>\n\t<meta name=\"twitter:data1\" content=\"1 minuta\" \/>\n<script type=\"application\/ld+json\" class=\"yoast-schema-graph\">{\"@context\":\"https:\/\/schema.org\",\"@graph\":[{\"@type\":\"WebPage\",\"@id\":\"https:\/\/agamarecka.com\/kontakt\/\",\"url\":\"https:\/\/agamarecka.com\/kontakt\/\",\"name\":\"Kontakt - Aga Marecka\",\"isPartOf\":{\"@id\":\"https:\/\/agamarecka.com\/#website\"},\"datePublished\":\"2024-09-03T14:06:31+00:00\",\"dateModified\":\"2024-11-13T17:10:13+00:00\",\"breadcrumb\":{\"@id\":\"https:\/\/agamarecka.com\/kontakt\/#breadcrumb\"},\"inLanguage\":\"pl-PL\",\"potentialAction\":[{\"@type\":\"ReadAction\",\"target\":[\"https:\/\/agamarecka.com\/kontakt\/\"]}]},{\"@type\":\"BreadcrumbList\",\"@id\":\"https:\/\/agamarecka.com\/kontakt\/#breadcrumb\",\"itemListElement\":[{\"@type\":\"ListItem\",\"position\":1,\"name\":\"Home\",\"item\":\"https:\/\/agamarecka.com\/\"},{\"@type\":\"ListItem\",\"position\":2,\"name\":\"Kontakt\"}]},{\"@type\":\"WebSite\",\"@id\":\"https:\/\/agamarecka.com\/#website\",\"url\":\"https:\/\/agamarecka.com\/\",\"name\":\"Aga Marecka\",\"description\":\"\",\"potentialAction\":[{\"@type\":\"SearchAction\",\"target\":{\"@type\":\"EntryPoint\",\"urlTemplate\":\"https:\/\/agamarecka.com\/?s={search_term_string}\"},\"query-input\":{\"@type\":\"PropertyValueSpecification\",\"valueRequired\":true,\"valueName\":\"search_term_string\"}}],\"inLanguage\":\"pl-PL\"}]}<\/script>\n<!-- \/ Yoast SEO plugin. -->","yoast_head_json":{"title":"Kontakt - Aga Marecka","robots":{"index":"index","follow":"follow","max-snippet":"max-snippet:-1","max-image-preview":"max-image-preview:large","max-video-preview":"max-video-preview:-1"},"canonical":"https:\/\/agamarecka.com\/pl\/kontakt\/","og_locale":"pl_PL","og_type":"article","og_title":"Kontakt - Aga Marecka","og_description":"Kontakt Zapraszam do kontaktu, je\u015bli r\u00f3wnie\u017c rezonujesz ze \u015awiadom\u0105 Wymian\u0105 Energii: podchodzisz do tego bez oczekiwa\u0144, dajesz ludziom warto\u015b\u0107, szukasz mo\u017cliwo\u015bci symbiozy z innymi, doceniasz prac\u0119, czas, wiedz\u0119 i umiej\u0119tno\u015bci innych. Korzystam ze swojego prawa do selekcji przyp\u0142ywaj\u0105cych energii pod moje wibracje. Chcesz opisa\u0107 temat lub sytuacj\u0119, \u017cebym mog\u0142a da\u0107 zna\u0107, czy i jak mog\u0119 [&hellip;]","og_url":"https:\/\/agamarecka.com\/pl\/kontakt\/","og_site_name":"Aga Marecka","article_modified_time":"2024-11-13T17:10:13+00:00","twitter_card":"summary_large_image","twitter_misc":{"Szacowany czas czytania":"1 minuta"},"schema":{"@context":"https:\/\/schema.org","@graph":[{"@type":"WebPage","@id":"https:\/\/agamarecka.com\/kontakt\/","url":"https:\/\/agamarecka.com\/kontakt\/","name":"Kontakt - Aga Marecka","isPartOf":{"@id":"https:\/\/agamarecka.com\/#website"},"datePublished":"2024-09-03T14:06:31+00:00","dateModified":"2024-11-13T17:10:13+00:00","breadcrumb":{"@id":"https:\/\/agamarecka.com\/kontakt\/#breadcrumb"},"inLanguage":"pl-PL","potentialAction":[{"@type":"ReadAction","target":["https:\/\/agamarecka.com\/kontakt\/"]}]},{"@type":"BreadcrumbList","@id":"https:\/\/agamarecka.com\/kontakt\/#breadcrumb","itemListElement":[{"@type":"ListItem","position":1,"name":"Home","item":"https:\/\/agamarecka.com\/"},{"@type":"ListItem","position":2,"name":"Kontakt"}]},{"@type":"WebSite","@id":"https:\/\/agamarecka.com\/#website","url":"https:\/\/agamarecka.com\/","name":"Aga Marecka","description":"","potentialAction":[{"@type":"SearchAction","target":{"@type":"EntryPoint","urlTemplate":"https:\/\/agamarecka.com\/?s={search_term_string}"},"query-input":{"@type":"PropertyValueSpecification","valueRequired":true,"valueName":"search_term_string"}}],"inLanguage":"pl-PL"}]}},"uagb_featured_image_src":{"full":false,"thumbnail":false,"medium":false,"medium_large":false,"large":false,"1536x1536":false,"2048x2048":false,"trp-custom-language-flag":false},"uagb_author_info":{"display_name":"danuta_dev","author_link":"https:\/\/agamarecka.com\/pl\/author\/danuta_dev\/"},"uagb_comment_info":0,"uagb_excerpt":"Kontakt Zapraszam do kontaktu, je\u015bli r\u00f3wnie\u017c rezonujesz ze \u015awiadom\u0105 Wymian\u0105 Energii: podchodzisz do tego bez oczekiwa\u0144, dajesz ludziom warto\u015b\u0107, szukasz mo\u017cliwo\u015bci symbiozy z innymi, doceniasz prac\u0119, czas, wiedz\u0119 i umiej\u0119tno\u015bci innych. Korzystam ze swojego prawa do selekcji przyp\u0142ywaj\u0105cych energii pod moje wibracje. Chcesz opisa\u0107 temat lub sytuacj\u0119, \u017cebym mog\u0142a da\u0107 zna\u0107, czy i jak mog\u0119&hellip;","_links":{"self":[{"href":"https:\/\/agamarecka.com\/pl\/wp-json\/wp\/v2\/pages\/762","targetHints":{"allow":["GET"]}}],"collection":[{"href":"https:\/\/agamarecka.com\/pl\/wp-json\/wp\/v2\/pages"}],"about":[{"href":"https:\/\/agamarecka.com\/pl\/wp-json\/wp\/v2\/types\/page"}],"author":[{"embeddable":true,"href":"https:\/\/agamarecka.com\/pl\/wp-json\/wp\/v2\/users\/1"}],"replies":[{"embeddable":true,"href":"https:\/\/agamarecka.com\/pl\/wp-json\/wp\/v2\/comments?post=762"}],"version-history":[{"count":29,"href":"https:\/\/agamarecka.com\/pl\/wp-json\/wp\/v2\/pages\/762\/revisions"}],"predecessor-version":[{"id":1537,"href":"https:\/\/agamarecka.com\/pl\/wp-json\/wp\/v2\/pages\/762\/revisions\/1537"}],"wp:attachment":[{"href":"https:\/\/agamarecka.com\/pl\/wp-json\/wp\/v2\/media?parent=762"}],"curies":[{"name":"wp","href":"https:\/\/api.w.org\/{rel}","templated":true}]}}