{"id":467,"date":"2024-04-26T10:56:39","date_gmt":"2024-04-26T10:56:39","guid":{"rendered":"http:\/\/aga.danuta-cybulska.com\/?page_id=467"},"modified":"2024-04-26T11:13:13","modified_gmt":"2024-04-26T11:13:13","slug":"podziekowanie-za-ankiete","status":"publish","type":"page","link":"https:\/\/agamarecka.com\/pl\/podziekowanie-za-ankiete\/","title":{"rendered":"Podzi\u0119kowanie za Ankiet\u0119"},"content":{"rendered":"<div data-elementor-type=\"wp-page\" data-elementor-id=\"467\" class=\"elementor elementor-467\">\n\t\t\t\t<div class=\"elementor-element elementor-element-622f262 e-flex e-con-boxed e-con e-parent\" data-id=\"622f262\" data-element_type=\"container\" data-e-type=\"container\">\n\t\t\t\t\t<div class=\"e-con-inner\">\n\t\t\t\t<div class=\"elementor-element elementor-element-7d87ff8 elementor-widget elementor-widget-image\" data-id=\"7d87ff8\" data-element_type=\"widget\" data-e-type=\"widget\" data-widget_type=\"image.default\">\n\t\t\t\t<div class=\"elementor-widget-container\">\n\t\t\t\t\t\t\t\t\t\t\t\t\t\t\t<img fetchpriority=\"high\" decoding=\"async\" width=\"640\" height=\"200\" src=\"https:\/\/agamarecka.com\/wp-content\/uploads\/2024\/04\/biale.png\" class=\"attachment-large size-large wp-image-460\" alt=\"\" srcset=\"https:\/\/agamarecka.com\/wp-content\/uploads\/2024\/04\/biale.png 640w, https:\/\/agamarecka.com\/wp-content\/uploads\/2024\/04\/biale-300x94.png 300w, https:\/\/agamarecka.com\/wp-content\/uploads\/2024\/04\/biale-18x6.png 18w\" sizes=\"(max-width: 640px) 100vw, 640px\" \/>\t\t\t\t\t\t\t\t\t\t\t\t\t\t\t<\/div>\n\t\t\t\t<\/div>\n\t\t\t\t<div class=\"elementor-element elementor-element-5551926 elementor-widget elementor-widget-heading\" data-id=\"5551926\" data-element_type=\"widget\" data-e-type=\"widget\" data-widget_type=\"heading.default\">\n\t\t\t\t<div class=\"elementor-widget-container\">\n\t\t\t\t\t<h2 class=\"elementor-heading-title elementor-size-default\">Dzi\u0119kujemy za uzupe\u0142nienie ankiety!<\/h2>\t\t\t\t<\/div>\n\t\t\t\t<\/div>\n\t\t\t\t<div class=\"elementor-element elementor-element-437b9fd elementor-widget elementor-widget-spacer\" data-id=\"437b9fd\" data-element_type=\"widget\" data-e-type=\"widget\" data-widget_type=\"spacer.default\">\n\t\t\t\t<div class=\"elementor-widget-container\">\n\t\t\t\t\t\t\t<div class=\"elementor-spacer\">\n\t\t\t<div class=\"elementor-spacer-inner\"><\/div>\n\t\t<\/div>\n\t\t\t\t\t\t<\/div>\n\t\t\t\t<\/div>\n\t\t\t\t<div class=\"elementor-element elementor-element-56dd5fc elementor-widget elementor-widget-heading\" data-id=\"56dd5fc\" data-element_type=\"widget\" data-e-type=\"widget\" data-widget_type=\"heading.default\">\n\t\t\t\t<div class=\"elementor-widget-container\">\n\t\t\t\t\t<h4 class=\"elementor-heading-title elementor-size-default\">Ankieta<\/h4>\t\t\t\t<\/div>\n\t\t\t\t<\/div>\n\t\t\t\t<div class=\"elementor-element elementor-element-3bc1eff elementor-widget elementor-widget-text-editor\" data-id=\"3bc1eff\" data-element_type=\"widget\" data-e-type=\"widget\" data-widget_type=\"text-editor.default\">\n\t\t\t\t<div class=\"elementor-widget-container\">\n\t\t\t\t\t\t\t\t\t<p>Wysy\u0142aj\u0105c odpowiedzi w tej ankiecie, wyra\u017casz zgod\u0119 na przetwarzanie Twoich danych przez Agnieszk\u0119 Mareck\u0105 oraz Danut\u0119 Cybulsk\u0105 w celu przeprowadzenia bada\u0144 energii Polak\u00f3w. Nie zbieramy danych osobowych, kt\u00f3re mog\u0142yby powi\u0105za\u0107 Ci\u0119 z odpowiedziami.<\/p>\t\t\t\t\t\t\t\t<\/div>\n\t\t\t\t<\/div>\n\t\t\t\t<div class=\"elementor-element elementor-element-66acb71 elementor-widget elementor-widget-heading\" data-id=\"66acb71\" data-element_type=\"widget\" data-e-type=\"widget\" data-widget_type=\"heading.default\">\n\t\t\t\t<div class=\"elementor-widget-container\">\n\t\t\t\t\t<h4 class=\"elementor-heading-title elementor-size-default\">Lista mailingowa<\/h4>\t\t\t\t<\/div>\n\t\t\t\t<\/div>\n\t\t\t\t<div class=\"elementor-element elementor-element-7a5c9da elementor-widget elementor-widget-text-editor\" data-id=\"7a5c9da\" data-element_type=\"widget\" data-e-type=\"widget\" data-widget_type=\"text-editor.default\">\n\t\t\t\t<div class=\"elementor-widget-container\">\n\t\t\t\t\t\t\t\t\t<p>Kiedy zbierzemy wystarczaj\u0105co du\u017co wynik\u00f3w do analizy, podzielimy si\u0119 naszymi odkryciami.<\/p><p>Aby nie wi\u0105za\u0107 indywidualnych wynik\u00f3w z mailami, na naszej stronie\u00a0<b>mo\u017cesz si\u0119 zapisa\u0107 do listy mailingowej<\/b>, przez kt\u00f3r\u0105 poinformujemy o wynikach badania oraz starcie kursu o systemach astrologicznych. Nie b\u0119dzie to regularny newsletter &#8211; dzielimy si\u0119 tylko warto\u015bci\u0105, kt\u00f3r\u0105 mo\u017cesz by\u0107 zainteresowany\/-a.<\/p>\t\t\t\t\t\t\t\t<\/div>\n\t\t\t\t<\/div>\n\t\t\t\t<div class=\"elementor-element elementor-element-9fe29aa elementor-widget elementor-widget-html\" data-id=\"9fe29aa\" data-element_type=\"widget\" data-e-type=\"widget\" data-widget_type=\"html.default\">\n\t\t\t\t<div class=\"elementor-widget-container\">\n\t\t\t\t\t<div class=\"ml-embedded\" data-form=\"OP1DjT\"><\/div>\t\t\t\t<\/div>\n\t\t\t\t<\/div>\n\t\t\t\t<div class=\"elementor-element elementor-element-1657671 elementor-widget elementor-widget-spacer\" data-id=\"1657671\" data-element_type=\"widget\" data-e-type=\"widget\" data-widget_type=\"spacer.default\">\n\t\t\t\t<div class=\"elementor-widget-container\">\n\t\t\t\t\t\t\t<div class=\"elementor-spacer\">\n\t\t\t<div class=\"elementor-spacer-inner\"><\/div>\n\t\t<\/div>\n\t\t\t\t\t\t<\/div>\n\t\t\t\t<\/div>\n\t\t\t\t<div class=\"elementor-element elementor-element-b0814ad elementor-widget elementor-widget-heading\" data-id=\"b0814ad\" data-element_type=\"widget\" data-e-type=\"widget\" data-widget_type=\"heading.default\">\n\t\t\t\t<div class=\"elementor-widget-container\">\n\t\t\t\t\t<h4 class=\"elementor-heading-title elementor-size-default\">Informacje zawarte w ankiecie<\/h4>\t\t\t\t<\/div>\n\t\t\t\t<\/div>\n\t\t\t\t<div class=\"elementor-element elementor-element-1a55b4b elementor-widget elementor-widget-text-editor\" data-id=\"1a55b4b\" data-element_type=\"widget\" data-e-type=\"widget\" data-widget_type=\"text-editor.default\">\n\t\t\t\t<div class=\"elementor-widget-container\">\n\t\t\t\t\t\t\t\t\t<p>Je\u015bli b\u0119dziesz chcia\u0142(a) wr\u00f3ci\u0107 do porad i link\u00f3w z tej ankiety, to znajdziesz je na tej stronie:\u00a0<a href=\"https:\/\/energydesign.art\/narzedzia-astrologiczne\/\">https:\/\/energydesign.art\/narzedzia-astrologiczne\/<\/a>\u00a0<\/p>\t\t\t\t\t\t\t\t<\/div>\n\t\t\t\t<\/div>\n\t\t\t\t<div class=\"elementor-element elementor-element-db09c67 elementor-widget elementor-widget-heading\" data-id=\"db09c67\" data-element_type=\"widget\" data-e-type=\"widget\" data-widget_type=\"heading.default\">\n\t\t\t\t<div class=\"elementor-widget-container\">\n\t\t\t\t\t<h4 class=\"elementor-heading-title elementor-size-default\">Wsparcie tw\u00f3rc\u00f3w badania<\/h4>\t\t\t\t<\/div>\n\t\t\t\t<\/div>\n\t\t\t\t<div class=\"elementor-element elementor-element-9d33aea elementor-widget elementor-widget-text-editor\" data-id=\"9d33aea\" data-element_type=\"widget\" data-e-type=\"widget\" data-widget_type=\"text-editor.default\">\n\t\t\t\t<div class=\"elementor-widget-container\">\n\t\t\t\t\t\t\t\t\t<p>Nasza dzia\u0142alno\u015b\u0107 jest na zasadzie\u00a0<a href=\"https:\/\/youtu.be\/etFIJHafx0M\">Filantropii Energii<\/a>, wi\u0119c jeste\u015bmy wdzi\u0119czne za ka\u017cde wsparcie naszych rodzin poprzez\u00a0<a href=\"https:\/\/donorbox.org\/badanie-energii-polakow\">DonorBox<\/a>\u00a0co umo\u017cliwia nam dedykowanie si\u0119 tematom energii &#8211; badaniom, poszerzaniem wiedzy oraz dzieleniem si\u0119 odkryciami ze wszystkimi zainteresowanymi.<\/p><p>Jeszcze raz bardzo dzi\u0119kujemy za udzia\u0142 w badaniu!<\/p><p>Z ca\u0142ych naszych serc,<\/p><p>Aga i Danuta<\/p>\t\t\t\t\t\t\t\t<\/div>\n\t\t\t\t<\/div>\n\t\t\t\t\t<\/div>\n\t\t\t\t<\/div>\n\t\t\t\t<\/div>","protected":false},"excerpt":{"rendered":"<p>Dzi\u0119kujemy za uzupe\u0142nienie ankiety! Ankieta Wysy\u0142aj\u0105c odpowiedzi w tej ankiecie, wyra\u017casz zgod\u0119 na przetwarzanie Twoich danych przez Agnieszk\u0119 Mareck\u0105 oraz Danut\u0119 Cybulsk\u0105 w celu przeprowadzenia bada\u0144 energii Polak\u00f3w. Nie zbieramy danych osobowych, kt\u00f3re mog\u0142yby powi\u0105za\u0107 Ci\u0119 z odpowiedziami. Lista mailingowa Kiedy zbierzemy wystarczaj\u0105co du\u017co wynik\u00f3w do analizy, podzielimy si\u0119 naszymi odkryciami. Aby nie wi\u0105za\u0107 indywidualnych [&hellip;]<\/p>\n","protected":false},"author":1,"featured_media":0,"parent":0,"menu_order":0,"comment_status":"closed","ping_status":"closed","template":"elementor_canvas","meta":{"_uag_custom_page_level_css":"","site-sidebar-layout":"no-sidebar","site-content-layout":"page-builder","ast-site-content-layout":"full-width-container","site-content-style":"default","site-sidebar-style":"default","ast-global-header-display":"","ast-banner-title-visibility":"","ast-main-header-display":"","ast-hfb-above-header-display":"","ast-hfb-below-header-display":"","ast-hfb-mobile-header-display":"","site-post-title":"disabled","ast-breadcrumbs-content":"","ast-featured-img":"disabled","footer-sml-layout":"","ast-disable-related-posts":"","theme-transparent-header-meta":"","adv-header-id-meta":"","stick-header-meta":"","header-above-stick-meta":"","header-main-stick-meta":"","header-below-stick-meta":"","astra-migrate-meta-layouts":"set","ast-page-background-enabled":"default","ast-page-background-meta":{"desktop":{"background-color":"var(--ast-global-color-4)","background-image":"","background-repeat":"repeat","background-position":"center center","background-size":"auto","background-attachment":"scroll","background-type":"","background-media":"","overlay-type":"","overlay-color":"","overlay-opacity":"","overlay-gradient":""},"tablet":{"background-color":"","background-image":"","background-repeat":"repeat","background-position":"center center","background-size":"auto","background-attachment":"scroll","background-type":"","background-media":"","overlay-type":"","overlay-color":"","overlay-opacity":"","overlay-gradient":""},"mobile":{"background-color":"","background-image":"","background-repeat":"repeat","background-position":"center center","background-size":"auto","background-attachment":"scroll","background-type":"","background-media":"","overlay-type":"","overlay-color":"","overlay-opacity":"","overlay-gradient":""}},"ast-content-background-meta":{"desktop":{"background-color":"var(--ast-global-color-5)","background-image":"","background-repeat":"repeat","background-position":"center center","background-size":"auto","background-attachment":"scroll","background-type":"","background-media":"","overlay-type":"","overlay-color":"","overlay-opacity":"","overlay-gradient":""},"tablet":{"background-color":"var(--ast-global-color-5)","background-image":"","background-repeat":"repeat","background-position":"center center","background-size":"auto","background-attachment":"scroll","background-type":"","background-media":"","overlay-type":"","overlay-color":"","overlay-opacity":"","overlay-gradient":""},"mobile":{"background-color":"var(--ast-global-color-5)","background-image":"","background-repeat":"repeat","background-position":"center center","background-size":"auto","background-attachment":"scroll","background-type":"","background-media":"","overlay-type":"","overlay-color":"","overlay-opacity":"","overlay-gradient":""}},"footnotes":""},"class_list":["post-467","page","type-page","status-publish","hentry"],"yoast_head":"<!-- This site is optimized with the Yoast SEO plugin v27.1.1 - https:\/\/yoast.com\/product\/yoast-seo-wordpress\/ -->\n<title>Podzi\u0119kowanie za Ankiet\u0119 - Aga Marecka<\/title>\n<meta name=\"robots\" content=\"index, follow, max-snippet:-1, max-image-preview:large, max-video-preview:-1\" \/>\n<link rel=\"canonical\" href=\"https:\/\/agamarecka.com\/pl\/podziekowanie-za-ankiete\/\" \/>\n<meta property=\"og:locale\" content=\"pl_PL\" \/>\n<meta property=\"og:type\" content=\"article\" \/>\n<meta property=\"og:title\" content=\"Podzi\u0119kowanie za Ankiet\u0119 - Aga Marecka\" \/>\n<meta property=\"og:description\" content=\"Dzi\u0119kujemy za uzupe\u0142nienie ankiety! Ankieta Wysy\u0142aj\u0105c odpowiedzi w tej ankiecie, wyra\u017casz zgod\u0119 na przetwarzanie Twoich danych przez Agnieszk\u0119 Mareck\u0105 oraz Danut\u0119 Cybulsk\u0105 w celu przeprowadzenia bada\u0144 energii Polak\u00f3w. Nie zbieramy danych osobowych, kt\u00f3re mog\u0142yby powi\u0105za\u0107 Ci\u0119 z odpowiedziami. Lista mailingowa Kiedy zbierzemy wystarczaj\u0105co du\u017co wynik\u00f3w do analizy, podzielimy si\u0119 naszymi odkryciami. Aby nie wi\u0105za\u0107 indywidualnych [&hellip;]\" \/>\n<meta property=\"og:url\" content=\"https:\/\/agamarecka.com\/pl\/podziekowanie-za-ankiete\/\" \/>\n<meta property=\"og:site_name\" content=\"Aga Marecka\" \/>\n<meta property=\"article:modified_time\" content=\"2024-04-26T11:13:13+00:00\" \/>\n<meta property=\"og:image\" content=\"http:\/\/aga.danuta-cybulska.com\/wp-content\/uploads\/2024\/04\/biale.png\" \/>\n<meta name=\"twitter:card\" content=\"summary_large_image\" \/>\n<meta name=\"twitter:label1\" content=\"Szacowany czas czytania\" \/>\n\t<meta name=\"twitter:data1\" content=\"1 minuta\" \/>\n<script type=\"application\/ld+json\" class=\"yoast-schema-graph\">{\"@context\":\"https:\/\/schema.org\",\"@graph\":[{\"@type\":\"WebPage\",\"@id\":\"https:\/\/agamarecka.com\/podziekowanie-za-ankiete\/\",\"url\":\"https:\/\/agamarecka.com\/podziekowanie-za-ankiete\/\",\"name\":\"Podzi\u0119kowanie za Ankiet\u0119 - Aga Marecka\",\"isPartOf\":{\"@id\":\"https:\/\/agamarecka.com\/#website\"},\"primaryImageOfPage\":{\"@id\":\"https:\/\/agamarecka.com\/podziekowanie-za-ankiete\/#primaryimage\"},\"image\":{\"@id\":\"https:\/\/agamarecka.com\/podziekowanie-za-ankiete\/#primaryimage\"},\"thumbnailUrl\":\"http:\/\/aga.danuta-cybulska.com\/wp-content\/uploads\/2024\/04\/biale.png\",\"datePublished\":\"2024-04-26T10:56:39+00:00\",\"dateModified\":\"2024-04-26T11:13:13+00:00\",\"breadcrumb\":{\"@id\":\"https:\/\/agamarecka.com\/podziekowanie-za-ankiete\/#breadcrumb\"},\"inLanguage\":\"pl-PL\",\"potentialAction\":[{\"@type\":\"ReadAction\",\"target\":[\"https:\/\/agamarecka.com\/podziekowanie-za-ankiete\/\"]}]},{\"@type\":\"ImageObject\",\"inLanguage\":\"pl-PL\",\"@id\":\"https:\/\/agamarecka.com\/podziekowanie-za-ankiete\/#primaryimage\",\"url\":\"http:\/\/aga.danuta-cybulska.com\/wp-content\/uploads\/2024\/04\/biale.png\",\"contentUrl\":\"http:\/\/aga.danuta-cybulska.com\/wp-content\/uploads\/2024\/04\/biale.png\"},{\"@type\":\"BreadcrumbList\",\"@id\":\"https:\/\/agamarecka.com\/podziekowanie-za-ankiete\/#breadcrumb\",\"itemListElement\":[{\"@type\":\"ListItem\",\"position\":1,\"name\":\"Home\",\"item\":\"https:\/\/agamarecka.com\/\"},{\"@type\":\"ListItem\",\"position\":2,\"name\":\"Podzi\u0119kowanie za Ankiet\u0119\"}]},{\"@type\":\"WebSite\",\"@id\":\"https:\/\/agamarecka.com\/#website\",\"url\":\"https:\/\/agamarecka.com\/\",\"name\":\"Aga Marecka\",\"description\":\"\",\"potentialAction\":[{\"@type\":\"SearchAction\",\"target\":{\"@type\":\"EntryPoint\",\"urlTemplate\":\"https:\/\/agamarecka.com\/?s={search_term_string}\"},\"query-input\":{\"@type\":\"PropertyValueSpecification\",\"valueRequired\":true,\"valueName\":\"search_term_string\"}}],\"inLanguage\":\"pl-PL\"}]}<\/script>\n<!-- \/ Yoast SEO plugin. -->","yoast_head_json":{"title":"Podzi\u0119kowanie za Ankiet\u0119 - Aga Marecka","robots":{"index":"index","follow":"follow","max-snippet":"max-snippet:-1","max-image-preview":"max-image-preview:large","max-video-preview":"max-video-preview:-1"},"canonical":"https:\/\/agamarecka.com\/pl\/podziekowanie-za-ankiete\/","og_locale":"pl_PL","og_type":"article","og_title":"Podzi\u0119kowanie za Ankiet\u0119 - Aga Marecka","og_description":"Dzi\u0119kujemy za uzupe\u0142nienie ankiety! Ankieta Wysy\u0142aj\u0105c odpowiedzi w tej ankiecie, wyra\u017casz zgod\u0119 na przetwarzanie Twoich danych przez Agnieszk\u0119 Mareck\u0105 oraz Danut\u0119 Cybulsk\u0105 w celu przeprowadzenia bada\u0144 energii Polak\u00f3w. Nie zbieramy danych osobowych, kt\u00f3re mog\u0142yby powi\u0105za\u0107 Ci\u0119 z odpowiedziami. Lista mailingowa Kiedy zbierzemy wystarczaj\u0105co du\u017co wynik\u00f3w do analizy, podzielimy si\u0119 naszymi odkryciami. Aby nie wi\u0105za\u0107 indywidualnych [&hellip;]","og_url":"https:\/\/agamarecka.com\/pl\/podziekowanie-za-ankiete\/","og_site_name":"Aga Marecka","article_modified_time":"2024-04-26T11:13:13+00:00","og_image":[{"url":"http:\/\/aga.danuta-cybulska.com\/wp-content\/uploads\/2024\/04\/biale.png","type":"","width":"","height":""}],"twitter_card":"summary_large_image","twitter_misc":{"Szacowany czas czytania":"1 minuta"},"schema":{"@context":"https:\/\/schema.org","@graph":[{"@type":"WebPage","@id":"https:\/\/agamarecka.com\/podziekowanie-za-ankiete\/","url":"https:\/\/agamarecka.com\/podziekowanie-za-ankiete\/","name":"Podzi\u0119kowanie za Ankiet\u0119 - Aga Marecka","isPartOf":{"@id":"https:\/\/agamarecka.com\/#website"},"primaryImageOfPage":{"@id":"https:\/\/agamarecka.com\/podziekowanie-za-ankiete\/#primaryimage"},"image":{"@id":"https:\/\/agamarecka.com\/podziekowanie-za-ankiete\/#primaryimage"},"thumbnailUrl":"http:\/\/aga.danuta-cybulska.com\/wp-content\/uploads\/2024\/04\/biale.png","datePublished":"2024-04-26T10:56:39+00:00","dateModified":"2024-04-26T11:13:13+00:00","breadcrumb":{"@id":"https:\/\/agamarecka.com\/podziekowanie-za-ankiete\/#breadcrumb"},"inLanguage":"pl-PL","potentialAction":[{"@type":"ReadAction","target":["https:\/\/agamarecka.com\/podziekowanie-za-ankiete\/"]}]},{"@type":"ImageObject","inLanguage":"pl-PL","@id":"https:\/\/agamarecka.com\/podziekowanie-za-ankiete\/#primaryimage","url":"http:\/\/aga.danuta-cybulska.com\/wp-content\/uploads\/2024\/04\/biale.png","contentUrl":"http:\/\/aga.danuta-cybulska.com\/wp-content\/uploads\/2024\/04\/biale.png"},{"@type":"BreadcrumbList","@id":"https:\/\/agamarecka.com\/podziekowanie-za-ankiete\/#breadcrumb","itemListElement":[{"@type":"ListItem","position":1,"name":"Home","item":"https:\/\/agamarecka.com\/"},{"@type":"ListItem","position":2,"name":"Podzi\u0119kowanie za Ankiet\u0119"}]},{"@type":"WebSite","@id":"https:\/\/agamarecka.com\/#website","url":"https:\/\/agamarecka.com\/","name":"Aga Marecka","description":"","potentialAction":[{"@type":"SearchAction","target":{"@type":"EntryPoint","urlTemplate":"https:\/\/agamarecka.com\/?s={search_term_string}"},"query-input":{"@type":"PropertyValueSpecification","valueRequired":true,"valueName":"search_term_string"}}],"inLanguage":"pl-PL"}]}},"uagb_featured_image_src":{"full":false,"thumbnail":false,"medium":false,"medium_large":false,"large":false,"1536x1536":false,"2048x2048":false,"trp-custom-language-flag":false},"uagb_author_info":{"display_name":"danuta_dev","author_link":"https:\/\/agamarecka.com\/pl\/author\/danuta_dev\/"},"uagb_comment_info":0,"uagb_excerpt":"Dzi\u0119kujemy za uzupe\u0142nienie ankiety! Ankieta Wysy\u0142aj\u0105c odpowiedzi w tej ankiecie, wyra\u017casz zgod\u0119 na przetwarzanie Twoich danych przez Agnieszk\u0119 Mareck\u0105 oraz Danut\u0119 Cybulsk\u0105 w celu przeprowadzenia bada\u0144 energii Polak\u00f3w. Nie zbieramy danych osobowych, kt\u00f3re mog\u0142yby powi\u0105za\u0107 Ci\u0119 z odpowiedziami. Lista mailingowa Kiedy zbierzemy wystarczaj\u0105co du\u017co wynik\u00f3w do analizy, podzielimy si\u0119 naszymi odkryciami. Aby nie wi\u0105za\u0107 indywidualnych&hellip;","_links":{"self":[{"href":"https:\/\/agamarecka.com\/pl\/wp-json\/wp\/v2\/pages\/467","targetHints":{"allow":["GET"]}}],"collection":[{"href":"https:\/\/agamarecka.com\/pl\/wp-json\/wp\/v2\/pages"}],"about":[{"href":"https:\/\/agamarecka.com\/pl\/wp-json\/wp\/v2\/types\/page"}],"author":[{"embeddable":true,"href":"https:\/\/agamarecka.com\/pl\/wp-json\/wp\/v2\/users\/1"}],"replies":[{"embeddable":true,"href":"https:\/\/agamarecka.com\/pl\/wp-json\/wp\/v2\/comments?post=467"}],"version-history":[{"count":10,"href":"https:\/\/agamarecka.com\/pl\/wp-json\/wp\/v2\/pages\/467\/revisions"}],"predecessor-version":[{"id":478,"href":"https:\/\/agamarecka.com\/pl\/wp-json\/wp\/v2\/pages\/467\/revisions\/478"}],"wp:attachment":[{"href":"https:\/\/agamarecka.com\/pl\/wp-json\/wp\/v2\/media?parent=467"}],"curies":[{"name":"wp","href":"https:\/\/api.w.org\/{rel}","templated":true}]}}